{"id":969,"date":"2021-03-12T01:38:56","date_gmt":"2021-03-12T00:38:56","guid":{"rendered":"https:\/\/observationelections.cndh.ma\/?page_id=969"},"modified":"2021-05-27T21:49:06","modified_gmt":"2021-05-27T19:49:06","slug":"acctualites","status":"publish","type":"page","link":"https:\/\/observationelections.cndh.ma\/fr\/acctualites\/","title":{"rendered":"Actualit\u00e9s"},"content":{"rendered":"\t\t<div data-elementor-type=\"wp-page\" data-elementor-id=\"969\" data-post-id=\"4183\" data-obj-id=\"4183\" class=\"elementor elementor-969 dce-elementor-post-4183 elementor-707\" data-elementor-settings=\"[]\">\n\t\t\t\t\t\t\t<div class=\"elementor-section-wrap\">\n\t\t\t\t\t\t\t<section data-particle_enable=\"false\" data-particle-mobile-disabled=\"false\" class=\"elementor-section elementor-top-section elementor-element elementor-element-31baa0b elementor-section-boxed elementor-section-height-default elementor-section-height-default\" data-id=\"31baa0b\" data-element_type=\"section\" data-settings=\"{&quot;ekit_has_onepagescroll_dot&quot;:&quot;yes&quot;}\">\n\t\t\t\t\t\t<div class=\"elementor-container elementor-column-gap-default\">\n\t\t\t\t\t<div class=\"elementor-column elementor-col-100 elementor-top-column elementor-element elementor-element-f333ad5\" data-id=\"f333ad5\" data-element_type=\"column\">\n\t\t\t<div class=\"elementor-widget-wrap elementor-element-populated\">\n\t\t\t\t\t\t\t\t<div class=\"elementor-element elementor-element-0468538 de_curtain_duration_700 de_curtain_direction_lr de_curtain_easing_linear elementor-widget elementor-widget-elementskit-heading\" data-id=\"0468538\" data-element_type=\"widget\" data-settings=\"{&quot;ekit_we_effect_on&quot;:&quot;none&quot;}\" data-widget_type=\"elementskit-heading.default\">\n\t\t\t\t<div class=\"elementor-widget-container\">\n\t\t\t<div class=\"ekit-wid-con\" ><div class=\"ekit-heading elementskit-section-title-wraper text_center   ekit_heading_tablet-   ekit_heading_mobile-\"><h2 class=\"ekit-heading--title elementskit-section-title \">\n\t\t\t\t\tActualit\u00e9s\n\t\t\t\t<\/h2><div class=\"ekit_heading_separetor_wraper ekit_heading_elementskit-border-divider\"><div class=\"elementskit-border-divider\"><\/div><\/div><\/div><\/div>\t\t<\/div>\n\t\t\t\t<\/div>\n\t\t\t\t\t<\/div>\n\t\t<\/div>\n\t\t\t\t\t\t\t<\/div>\n\t\t<\/section>\n\t\t\t\t<section data-particle_enable=\"false\" data-particle-mobile-disabled=\"false\" class=\"elementor-section elementor-top-section elementor-element elementor-element-0a55f15 elementor-section-boxed elementor-section-height-default elementor-section-height-default\" data-id=\"0a55f15\" data-element_type=\"section\" data-settings=\"{&quot;ekit_has_onepagescroll_dot&quot;:&quot;yes&quot;}\">\n\t\t\t\t\t\t<div class=\"elementor-container elementor-column-gap-default\">\n\t\t\t\t\t<div class=\"elementor-column elementor-col-100 elementor-top-column elementor-element elementor-element-fb8b84e\" data-id=\"fb8b84e\" data-element_type=\"column\">\n\t\t\t<div class=\"elementor-widget-wrap elementor-element-populated\">\n\t\t\t\t\t\t\t\t<div class=\"elementor-element elementor-element-32faa94 de_curtain_duration_700 de_curtain_direction_lr de_curtain_easing_linear elementor-widget elementor-widget-eael-post-timeline\" data-id=\"32faa94\" data-element_type=\"widget\" data-settings=\"{&quot;ekit_we_effect_on&quot;:&quot;none&quot;}\" data-widget_type=\"eael-post-timeline.default\">\n\t\t\t\t<div class=\"elementor-widget-container\">\n\t\t\t<div id=\"eael-post-timeline-32faa94\" class=\"eael-post-timeline\">\n            <div class=\"eael-post-timeline eael-post-appender eael-post-appender-32faa94\"><article class=\"eael-timeline-post eael-timeline-column\">\n    <div class=\"eael-timeline-bullet\"><\/div>\n    <div class=\"eael-timeline-post-inner\">\n        <a class=\"eael-timeline-post-link\" href=\"https:\/\/observationelections.cndh.ma\/fr\/decision-du-conseil-superieur-de-la-communication-audiovisuelle-n37-21-dans-les-services-de-communication-audiovisuelle-pendant-les-elections-legislatives-regionales-et-communales-generales-de\/\" title=\"D\u00e9cision du Conseil Sup\u00e9rieur de la Communication Audiovisuelle n\u00b037-21 dans les services de communication audiovisuelle  pendant les \u00e9lections l\u00e9gislatives, r\u00e9gionales et communales g\u00e9n\u00e9rales de 2021\">\n            <time datetime=\"3 ao\u00fbt 2021\">3 ao\u00fbt 2021<\/time>\n            <div class=\"eael-timeline-post-image\" style=\"background-image: url(https:\/\/observationelections.cndh.ma\/wp-content\/uploads\/2021\/08\/photo-news-haca-siege.jpg);\"><\/div><div class=\"eael-timeline-post-excerpt\"><p>D\u00e9cision du Conseil Sup\u00e9rieur de la Communication Audiovisuelle n\u00b037-21 relative \u00e0 la garantie du pluralisme de l\u2019expression politique dans les<\/p><\/div><div class=\"eael-timeline-post-title\">\n                    <h2>D\u00e9cision du Conseil Sup\u00e9rieur de la Communication Audiovisuelle n\u00b037-21 dans les services de communication audiovisuelle  pendant les \u00e9lections l\u00e9gislatives, r\u00e9gionales et communales g\u00e9n\u00e9rales de 2021<\/h2>\n                <\/div><\/a>\n    <\/div>\n<\/article><article class=\"eael-timeline-post eael-timeline-column\">\n    <div class=\"eael-timeline-bullet\"><\/div>\n    <div class=\"eael-timeline-post-inner\">\n        <a class=\"eael-timeline-post-link\" href=\"https:\/\/observationelections.cndh.ma\/fr\/%d8%a2%d8%ac%d8%a7%d9%84-%d8%aa%d9%84%d9%82%d9%8a-%d8%b7%d9%84%d8%a8%d8%a7%d8%aa-%d8%a7%d9%84%d8%aa%d8%b1%d8%b4%d9%8a%d8%ad\/\" title=\"Avis de d\u00e9p\u00f4t de candidatures pour l\u2019observation ind\u00e9pendante et neutre des \u00e9lections communales et r\u00e9gionales, des \u00e9lections des membres de la Chambre des repr\u00e9sentants et de la Chambre des conseillers et des \u00e9lections des Conseils pr\u00e9fectoraux et provinciaux\">\n            <time datetime=\"22 mai 2021\">22 mai 2021<\/time>\n            <div class=\"eael-timeline-post-image\" style=\"background-image: url(https:\/\/observationelections.cndh.ma\/wp-content\/uploads\/2021\/05\/Post-2-2-1024x608.png);\"><\/div><div class=\"eael-timeline-post-excerpt\"><p>Vu les articles 11\u00a0et 161 de la Constitution\u00a0; Vu la loi 30-11 fixant les conditions et les modalit\u00e9s de l\u2019observation<\/p><\/div><div class=\"eael-timeline-post-title\">\n                    <h2>Avis de d\u00e9p\u00f4t de candidatures pour l\u2019observation ind\u00e9pendante et neutre des \u00e9lections communales et r\u00e9gionales, des \u00e9lections des membres de la Chambre des repr\u00e9sentants et de la Chambre des conseillers et des \u00e9lections des Conseils pr\u00e9fectoraux et provinciaux<\/h2>\n                <\/div><\/a>\n    <\/div>\n<\/article><article class=\"eael-timeline-post eael-timeline-column\">\n    <div class=\"eael-timeline-bullet\"><\/div>\n    <div class=\"eael-timeline-post-inner\">\n        <a class=\"eael-timeline-post-link\" href=\"https:\/\/observationelections.cndh.ma\/fr\/%d8%a7%d9%84%d8%a5%d8%b9%d9%84%d8%a7%d9%86-%d8%b9%d9%86-%d8%aa%d9%88%d8%a7%d8%b1%d9%8a%d8%ae-%d8%a7%d9%84%d8%a7%d8%b3%d8%aa%d8%ad%d9%82%d8%a7%d9%82%d8%a7%d8%aa\/\" title=\"Le calendrier des \u00e9ch\u00e9ances \u00e9lectorales de 2021\">\n            <time datetime=\"12 mai 2021\">12 mai 2021<\/time>\n            <div class=\"eael-timeline-post-image\" style=\"background-image: url(https:\/\/observationelections.cndh.ma\/wp-content\/uploads\/2021\/05\/vote-2-1024x384.png);\"><\/div><div class=\"eael-timeline-post-excerpt\"><p>Le Conseil de gouvernement, tenu le mercredi 12 mai 2021 sous la pr\u00e9sidence du Chef du gouvernement Mr. Saad Eddin<\/p><\/div><div class=\"eael-timeline-post-title\">\n                    <h2>Le calendrier des \u00e9ch\u00e9ances \u00e9lectorales de 2021<\/h2>\n                <\/div><\/a>\n    <\/div>\n<\/article><article class=\"eael-timeline-post eael-timeline-column\">\n    <div class=\"eael-timeline-bullet\"><\/div>\n    <div class=\"eael-timeline-post-inner\">\n        <a class=\"eael-timeline-post-link\" href=\"https:\/\/observationelections.cndh.ma\/fr\/%d8%a7%d9%84%d9%84%d8%ac%d9%86%d8%a9-%d8%aa%d8%b9%d8%aa%d9%85%d8%af-%d8%a7%d9%84%d9%85%d9%8a%d8%ab%d8%a7%d9%82-%d8%a7%d9%84%d8%ae%d8%a7%d8%b5-%d8%a8%d8%a7%d9%84%d9%85%d9%84%d8%a7%d8%ad%d8%b8%d8%a9\/\" title=\"Une charte pour l\u2019observation ind\u00e9pendante et neutre des \u00e9lections de 2021 au Maroc\">\n            <time datetime=\"23 mars 2021\">23 mars 2021<\/time>\n            <div class=\"eael-timeline-post-image\" style=\"background-image: url(https:\/\/observationelections.cndh.ma\/wp-content\/uploads\/2021\/05\/vote-people-1024x384.png);\"><\/div><div class=\"eael-timeline-post-excerpt\"><p>Dans le cadre de la pr\u00e9paration du processus de l\u2019observation ind\u00e9pendante des prochaines \u00e9ch\u00e9ances \u00e9lectorales, qui auront lieu entre le<\/p><\/div><div class=\"eael-timeline-post-title\">\n                    <h2>Une charte pour l\u2019observation ind\u00e9pendante et neutre des \u00e9lections de 2021 au Maroc<\/h2>\n                <\/div><\/a>\n    <\/div>\n<\/article><\/div>\n\t\t<\/div>            <div class=\"eael-load-more-button-wrap\">\n                <button class=\"eael-load-more-button\" id=\"eael-load-more-btn-32faa94\" data-widget-id=\"32faa94\" data-widget=\"32faa94\" data-page-id=\"969\" data-nonce=\"7d94a3681c\" data-template=\"{&quot;dir&quot;:&quot;free&quot;,&quot;file_name&quot;:&quot;default&quot;,&quot;name&quot;:&quot;Post-Timeline&quot;}\" data-class=\"Essential_Addons_Elementor\\Elements\\Post_Timeline\" data-layout=\"\" data-page=\"1\" data-args=\"orderby=date&amp;order=desc&amp;ignore_sticky_posts=1&amp;post_status=publish&amp;posts_per_page=6&amp;offset=0&amp;post_type=post&amp;tax_query%5B0%5D%5Btaxonomy%5D=category&amp;tax_query%5B0%5D%5Bfield%5D=term_id&amp;tax_query%5B0%5D%5Bterms%5D%5B0%5D=6&amp;tax_query%5Brelation%5D=AND\">\n                    <div class=\"eael-btn-loader button__loader\"><\/div>\n                    <span>Plus<\/span>\n                <\/button>\n            <\/div>\n        \t\t<\/div>\n\t\t\t\t<\/div>\n\t\t\t\t\t<\/div>\n\t\t<\/div>\n\t\t\t\t\t\t\t<\/div>\n\t\t<\/section>\n\t\t\t\t\t\t<\/div>\n\t\t\t\t\t<\/div>\n\t\t","protected":false},"excerpt":{"rendered":"<p>Actualit\u00e9s 12 mai 2021 Le Conseil de gouvernement, tenu le mercredi 12 mai 2021 sous la pr\u00e9sidence du Chef du gouvernement Mr. Saad Eddin Le calendrier des \u00e9ch\u00e9ances \u00e9lectorales de 2021 23 mars 2021 Dans le cadre de la pr\u00e9paration du processus de l\u2019observation ind\u00e9pendante des prochaines \u00e9ch\u00e9ances \u00e9lectorales, qui auront lieu entre le Une [&hellip;]<\/p>\n","protected":false},"author":1,"featured_media":0,"parent":0,"menu_order":0,"comment_status":"closed","ping_status":"closed","template":"","meta":{"footnotes":""},"class_list":["post-969","page","type-page","status-publish","hentry"],"_links":{"self":[{"href":"https:\/\/observationelections.cndh.ma\/fr\/wp-json\/wp\/v2\/pages\/969","targetHints":{"allow":["GET"]}}],"collection":[{"href":"https:\/\/observationelections.cndh.ma\/fr\/wp-json\/wp\/v2\/pages"}],"about":[{"href":"https:\/\/observationelections.cndh.ma\/fr\/wp-json\/wp\/v2\/types\/page"}],"author":[{"embeddable":true,"href":"https:\/\/observationelections.cndh.ma\/fr\/wp-json\/wp\/v2\/users\/1"}],"replies":[{"embeddable":true,"href":"https:\/\/observationelections.cndh.ma\/fr\/wp-json\/wp\/v2\/comments?post=969"}],"version-history":[{"count":19,"href":"https:\/\/observationelections.cndh.ma\/fr\/wp-json\/wp\/v2\/pages\/969\/revisions"}],"predecessor-version":[{"id":4454,"href":"https:\/\/observationelections.cndh.ma\/fr\/wp-json\/wp\/v2\/pages\/969\/revisions\/4454"}],"wp:attachment":[{"href":"https:\/\/observationelections.cndh.ma\/fr\/wp-json\/wp\/v2\/media?parent=969"}],"curies":[{"name":"wp","href":"https:\/\/api.w.org\/{rel}","templated":true}]}}