{"id":5109,"date":"2021-08-04T15:08:32","date_gmt":"2021-08-04T13:08:32","guid":{"rendered":"https:\/\/observationelections.cndh.ma\/?page_id=5109"},"modified":"2021-08-04T15:09:27","modified_gmt":"2021-08-04T13:09:27","slug":"mentions-legales","status":"publish","type":"page","link":"https:\/\/observationelections.cndh.ma\/fr\/mentions-legales\/","title":{"rendered":"Mentions l\u00e9gales"},"content":{"rendered":"\t\t<div data-elementor-type=\"wp-page\" data-elementor-id=\"5109\" data-post-id=\"5109\" data-obj-id=\"5109\" class=\"elementor elementor-5109 dce-elementor-post-5109\" data-elementor-settings=\"[]\">\n\t\t\t\t\t\t\t<div class=\"elementor-section-wrap\">\n\t\t\t\t\t\t\t<section data-particle_enable=\"false\" data-particle-mobile-disabled=\"false\" class=\"elementor-section elementor-top-section elementor-element elementor-element-fc6a341 elementor-section-boxed elementor-section-height-default elementor-section-height-default\" data-id=\"fc6a341\" data-element_type=\"section\" data-settings=\"{&quot;ekit_has_onepagescroll_dot&quot;:&quot;yes&quot;}\">\n\t\t\t\t\t\t<div class=\"elementor-container elementor-column-gap-default\">\n\t\t\t\t\t<div class=\"elementor-column elementor-col-100 elementor-top-column elementor-element elementor-element-408e5be\" data-id=\"408e5be\" data-element_type=\"column\">\n\t\t\t<div class=\"elementor-widget-wrap elementor-element-populated\">\n\t\t\t\t\t\t\t\t<div class=\"elementor-element elementor-element-b65e341 de_curtain_duration_700 de_curtain_direction_lr de_curtain_easing_linear elementor-widget elementor-widget-elementskit-heading\" data-id=\"b65e341\" data-element_type=\"widget\" data-settings=\"{&quot;ekit_we_effect_on&quot;:&quot;none&quot;}\" data-widget_type=\"elementskit-heading.default\">\n\t\t\t\t<div class=\"elementor-widget-container\">\n\t\t\t<div class=\"ekit-wid-con\" ><div class=\"ekit-heading elementskit-section-title-wraper text_center   ekit_heading_tablet-   ekit_heading_mobile-\"><h2 class=\"ekit-heading--title elementskit-section-title \">\n\t\t\t\t\tMentions l\u00e9gales\n\t\t\t\t<\/h2><div class=\"ekit_heading_separetor_wraper ekit_heading_elementskit-border-divider\"><div class=\"elementskit-border-divider\"><\/div><\/div><\/div><\/div>\t\t<\/div>\n\t\t\t\t<\/div>\n\t\t\t\t\t<\/div>\n\t\t<\/div>\n\t\t\t\t\t\t\t<\/div>\n\t\t<\/section>\n\t\t\t\t<section data-particle_enable=\"false\" data-particle-mobile-disabled=\"false\" class=\"elementor-section elementor-top-section elementor-element elementor-element-cb32cb0 elementor-section-boxed elementor-section-height-default elementor-section-height-default\" data-id=\"cb32cb0\" data-element_type=\"section\" data-settings=\"{&quot;ekit_has_onepagescroll_dot&quot;:&quot;yes&quot;}\">\n\t\t\t\t\t\t<div class=\"elementor-container elementor-column-gap-default\">\n\t\t\t\t\t<div class=\"elementor-column elementor-col-50 elementor-top-column elementor-element elementor-element-be5e2fa\" data-id=\"be5e2fa\" data-element_type=\"column\" data-settings=\"{&quot;background_background&quot;:&quot;classic&quot;}\">\n\t\t\t<div class=\"elementor-widget-wrap elementor-element-populated\">\n\t\t\t\t\t\t\t\t<div class=\"elementor-element elementor-element-e041e32 de_curtain_duration_700 de_curtain_direction_lr de_curtain_easing_linear elementor-widget elementor-widget-text-editor\" data-id=\"e041e32\" data-element_type=\"widget\" data-settings=\"{&quot;ekit_we_effect_on&quot;:&quot;none&quot;}\" data-widget_type=\"text-editor.default\">\n\t\t\t\t<div class=\"elementor-widget-container\">\n\t\t\t\t\t<div class=\"elementor-text-editor elementor-clearfix\"><p>Chaque information du site est sous la responsabilit\u00e9 d\u2019un \u00e9diteur.<\/p><p>La mise \u00e0 jour de ce site est r\u00e9alis\u00e9e par un administrateur d\u00e9sign\u00e9 par cet \u00e9diteur.\u00a0<\/p><p>La Direction de la communication du CNDH est responsable de la ligne \u00e9ditoriale et du suivi du site.<\/p><p>Cr\u00e9dits photographiques :\u00a0Conseil National des droits de l\u2019Homme<\/p><p>Tous droits de reproduction r\u00e9serv\u00e9s, au Maroc comme \u00e0 l\u2019\u00e9tranger.\u00a0<\/p><p>M\u00e9diath\u00e8que :\u00a0@ cr\u00e9dit photos du CNDH Les photos fournies sur ce site, peuvent \u00eatre reproduites librement dans la presse, sous r\u00e9serve de mentionner l\u2019auteur. Elles ne peuvent en aucun cas \u00eatre utilis\u00e9es \u00e0 des fins promotionnelles ou\/et publicitaires. Leur utilisation reste soumise aux lois en vigueur relatives aux droits d\u2019auteur.<\/p><p>H\u00e9bergement :\u00a0Le\u00a0site\u00a0<a href=\"http:\/\/observationelections.cndh.ma\">observationelections.cndh.ma<\/a>\u00a0est h\u00e9berg\u00e9 par d\u00e9l\u00e9gation du CNDH chez Genious<\/p><p>Conception technique et graphique :\u00a0la conception technique et graphique est r\u00e9alis\u00e9e par\u00a0le\u00a0CNDH<\/p><p>Droits de reproduction, copyright et liens :\u00a0La reproduction sur support papier des pages de ce site est autoris\u00e9e, sous r\u00e9serve du respect des conditions suivantes : \u2013 gratuit\u00e9 de la diffusion \u2013 respect de l\u2019int\u00e9grit\u00e9 des documents reproduits (ni modification ni alt\u00e9ration d\u2019aucune sorte) \u2013 citation explicite du site\u00a0<a href=\"http:\/\/observationelections.cndh.ma\">observationelections.cndh.ma<\/a>\u00a0comme source et mention que les droits de reproductions sont r\u00e9serv\u00e9s et limit\u00e9s.<\/p><\/div>\n\t\t\t\t<\/div>\n\t\t\t\t<\/div>\n\t\t\t\t\t<\/div>\n\t\t<\/div>\n\t\t\t\t<div class=\"elementor-column elementor-col-50 elementor-top-column elementor-element elementor-element-5522198\" data-id=\"5522198\" data-element_type=\"column\" data-settings=\"{&quot;background_background&quot;:&quot;classic&quot;}\">\n\t\t\t<div class=\"elementor-widget-wrap elementor-element-populated\">\n\t\t\t\t\t\t\t\t<div class=\"elementor-element elementor-element-c67018f de_curtain_duration_700 de_curtain_direction_lr de_curtain_easing_linear elementor-widget elementor-widget-text-editor\" data-id=\"c67018f\" data-element_type=\"widget\" data-settings=\"{&quot;ekit_we_effect_on&quot;:&quot;none&quot;}\" data-widget_type=\"text-editor.default\">\n\t\t\t\t<div class=\"elementor-widget-container\">\n\t\t\t\t\t<div class=\"elementor-text-editor elementor-clearfix\"><div class=\"content_area clearfix\"><section class=\"content_block_background\"><section id=\"row-2476\" class=\"content_block clearfix\"><section id=\"post-2476\" class=\"content full post-2476 page type-page status-publish hentry\"><div class=\"row\"><p>La reproduction sur support \u00e9lectronique de tout ou partie du site est autoris\u00e9e sous r\u00e9serve de l\u2019ajout clair et lisible de la source\u00a0(<a href=\"http:\/\/observationelections.cndh.ma\">observationelections.cndh.ma<\/a>)\u00a0et de la mention \u00ab\u00a0droits r\u00e9serv\u00e9s\u00a0\u00bb.<\/p><p>Toute utilisation \u00e0 des fins publicitaires ou commerciale est exclue. La cr\u00e9ation de liens vers ce site est autoris\u00e9e sous r\u00e9serve de :<\/p><ul><li>ne pas utiliser la technique du lien profond ;<\/li><li>ne pas utiliser ce site dans un cadre (frame ou iframe) ;<\/li><li>ne pas faire de lien vers une image, une photographie ou une vid\u00e9o en l\u2019incluant dans une page hors de ce site.<\/li><\/ul><p>\u00a0<\/p><p>Les informations recueillies sur le site <a href=\"http:\/\/observationelections.cndh.ma\">observationelections.cndh.ma<\/a> font l\u2019objet d\u2019un traitement afin d\u2019examiner et de statuer sur les demandes d\u2019accr\u00e9ditation.<\/p><p>Conform\u00e9ment \u00e0 la loi n\u00b0 09-08 promulgu\u00e9e par le Dahir 1-09-15 du 18 f\u00e9vrier 2009, relative \u00e0 la protection des personnes physiques \u00e0 l&#8217;\u00e9gard du traitement des donn\u00e9es \u00e0 caract\u00e8re personnel, vous b\u00e9n\u00e9ficiez d\u2019un droit d\u2019acc\u00e8s et de rectification aux informations qui vous concernent, que vous pouvez exercer en vous adressant \u00e0 la commission via l\u2019adresse mail\u00a0:\u00a0<a href=\"mailto:protection_dp@cndh.org.ma\">protection_dp@cndh.org.ma<\/a>.<\/p><p>Vous pouvez \u00e9galement, pour des motifs l\u00e9gitimes, vous opposer \u00e0 ce que les donn\u00e9es qui vous concernent fassent l\u2019objet d\u2019un traitement.<\/p><p>Ce traitement a \u00e9t\u00e9 notifi\u00e9 et autoris\u00e9 par la CNDP au titre de l\u2019autorisation n\u00b0 A-PO-14\/2021 du 28\/6\/2021.<\/p><\/div><\/section><\/section><\/section><\/div><\/div>\n\t\t\t\t<\/div>\n\t\t\t\t<\/div>\n\t\t\t\t\t<\/div>\n\t\t<\/div>\n\t\t\t\t\t\t\t<\/div>\n\t\t<\/section>\n\t\t\t\t\t\t<\/div>\n\t\t\t\t\t<\/div>\n\t\t","protected":false},"excerpt":{"rendered":"<p>Mentions l\u00e9gales Chaque information du site est sous la responsabilit\u00e9 d\u2019un \u00e9diteur. La mise \u00e0 jour de ce site est r\u00e9alis\u00e9e par un administrateur d\u00e9sign\u00e9 par cet \u00e9diteur.\u00a0 La Direction de la communication du CNDH est responsable de la ligne \u00e9ditoriale et du suivi du site. Cr\u00e9dits photographiques :\u00a0Conseil National des droits de l\u2019Homme Tous [&hellip;]<\/p>\n","protected":false},"author":1,"featured_media":0,"parent":0,"menu_order":0,"comment_status":"closed","ping_status":"closed","template":"","meta":{"footnotes":""},"class_list":["post-5109","page","type-page","status-publish","hentry"],"_links":{"self":[{"href":"https:\/\/observationelections.cndh.ma\/fr\/wp-json\/wp\/v2\/pages\/5109","targetHints":{"allow":["GET"]}}],"collection":[{"href":"https:\/\/observationelections.cndh.ma\/fr\/wp-json\/wp\/v2\/pages"}],"about":[{"href":"https:\/\/observationelections.cndh.ma\/fr\/wp-json\/wp\/v2\/types\/page"}],"author":[{"embeddable":true,"href":"https:\/\/observationelections.cndh.ma\/fr\/wp-json\/wp\/v2\/users\/1"}],"replies":[{"embeddable":true,"href":"https:\/\/observationelections.cndh.ma\/fr\/wp-json\/wp\/v2\/comments?post=5109"}],"version-history":[{"count":4,"href":"https:\/\/observationelections.cndh.ma\/fr\/wp-json\/wp\/v2\/pages\/5109\/revisions"}],"predecessor-version":[{"id":5113,"href":"https:\/\/observationelections.cndh.ma\/fr\/wp-json\/wp\/v2\/pages\/5109\/revisions\/5113"}],"wp:attachment":[{"href":"https:\/\/observationelections.cndh.ma\/fr\/wp-json\/wp\/v2\/media?parent=5109"}],"curies":[{"name":"wp","href":"https:\/\/api.w.org\/{rel}","templated":true}]}}