{"id":1494,"date":"2021-04-02T22:12:24","date_gmt":"2021-04-02T20:12:24","guid":{"rendered":"https:\/\/observationelections.cndh.ma\/%d8%aa%d8%ad%d9%85%d9%8a%d9%84-%d9%88%d8%ab%d8%a7%d8%a6%d9%82-%d8%a7%d9%84%d9%85%d9%84%d8%a7%d8%ad%d8%b8%d8%a9\/"},"modified":"2021-08-04T16:53:17","modified_gmt":"2021-08-04T14:53:17","slug":"documentation","status":"publish","type":"page","link":"https:\/\/observationelections.cndh.ma\/fr\/documentation\/","title":{"rendered":"DOCUMENTATION"},"content":{"rendered":"\t\t<div data-elementor-type=\"wp-page\" data-elementor-id=\"1494\" data-post-id=\"1494\" data-obj-id=\"1494\" class=\"elementor elementor-1494 dce-elementor-post-1494 elementor-1324\" data-elementor-settings=\"[]\">\n\t\t\t\t\t\t\t<div class=\"elementor-section-wrap\">\n\t\t\t\t\t\t\t<section data-particle_enable=\"false\" data-particle-mobile-disabled=\"false\" class=\"elementor-section elementor-top-section elementor-element elementor-element-6e1ce3b elementor-section-boxed elementor-section-height-default elementor-section-height-default\" data-id=\"6e1ce3b\" data-element_type=\"section\" data-settings=\"{&quot;ekit_has_onepagescroll_dot&quot;:&quot;yes&quot;}\">\n\t\t\t\t\t\t<div class=\"elementor-container elementor-column-gap-default\">\n\t\t\t\t\t<div class=\"elementor-column elementor-col-100 elementor-top-column elementor-element elementor-element-f4a18db\" data-id=\"f4a18db\" data-element_type=\"column\">\n\t\t\t<div class=\"elementor-widget-wrap elementor-element-populated\">\n\t\t\t\t\t\t\t\t<div class=\"elementor-element elementor-element-43c655b de_curtain_duration_700 de_curtain_direction_lr de_curtain_easing_linear elementor-widget elementor-widget-elementskit-heading\" data-id=\"43c655b\" data-element_type=\"widget\" data-settings=\"{&quot;ekit_we_effect_on&quot;:&quot;none&quot;}\" data-widget_type=\"elementskit-heading.default\">\n\t\t\t\t<div class=\"elementor-widget-container\">\n\t\t\t<div class=\"ekit-wid-con\" ><div class=\"ekit-heading elementskit-section-title-wraper text_center   ekit_heading_tablet-   ekit_heading_mobile-\"><h2 class=\"ekit-heading--title elementskit-section-title \">\n\t\t\t\t\tDOCUMENTATION\n\t\t\t\t<\/h2><div class=\"ekit_heading_separetor_wraper ekit_heading_elementskit-border-divider\"><div class=\"elementskit-border-divider\"><\/div><\/div><\/div><\/div>\t\t<\/div>\n\t\t\t\t<\/div>\n\t\t\t\t\t<\/div>\n\t\t<\/div>\n\t\t\t\t\t\t\t<\/div>\n\t\t<\/section>\n\t\t\t\t<section data-particle_enable=\"false\" data-particle-mobile-disabled=\"false\" class=\"elementor-section elementor-top-section elementor-element elementor-element-6928a3f elementor-section-boxed elementor-section-height-default elementor-section-height-default\" data-id=\"6928a3f\" data-element_type=\"section\" data-settings=\"{&quot;ekit_has_onepagescroll_dot&quot;:&quot;yes&quot;}\">\n\t\t\t\t\t\t<div class=\"elementor-container elementor-column-gap-default\">\n\t\t\t\t\t<div class=\"elementor-column elementor-col-33 elementor-top-column elementor-element elementor-element-5603ea3\" data-id=\"5603ea3\" data-element_type=\"column\">\n\t\t\t<div class=\"elementor-widget-wrap elementor-element-populated\">\n\t\t\t\t\t\t\t\t<div class=\"elementor-element elementor-element-495076e ekit-equal-height-enable de_curtain_duration_700 de_curtain_direction_lr de_curtain_easing_linear elementor-widget elementor-widget-elementskit-icon-box\" data-id=\"495076e\" data-element_type=\"widget\" data-settings=\"{&quot;motion_fx_motion_fx_mouse&quot;:&quot;yes&quot;,&quot;ekit_we_effect_on&quot;:&quot;none&quot;}\" data-widget_type=\"elementskit-icon-box.default\">\n\t\t\t\t<div class=\"elementor-widget-container\">\n\t\t\t<div class=\"ekit-wid-con\" >        <!-- link opening -->\n                <!-- end link opening -->\n\n        <div class=\"elementskit-infobox text-center text-center icon-top-align elementor-animation-   \">\n                    <div class=\"elementskit-box-header elementor-animation-\">\n                <div class=\"elementskit-info-box-icon  \">\n                    <svg xmlns=\"http:\/\/www.w3.org\/2000\/svg\" id=\"Layer_1\" data-name=\"Layer 1\" viewBox=\"0 0 96 120\"><title>iCON cndh 2<\/title><path d=\"M86.31,27,66.83,8A4.48,4.48,0,0,0,63.7,6.78H12.19a3.74,3.74,0,0,0-3.8,3.68v99.08a3.74,3.74,0,0,0,3.8,3.68H83.81a3.74,3.74,0,0,0,3.8-3.68V30A4.23,4.23,0,0,0,86.31,27Zm-46,53.7h.05c-2.13,1.86-4.44,3.55-6.58,5.37a1.7,1.7,0,0,1-1.28.36l-6.4-.49-3.16-.27c2.31-2.31,4.45-4.66,6.71-6.8A6.8,6.8,0,0,0,31.19,70a12.23,12.23,0,0,0-2.54-3.47,18.14,18.14,0,0,1-2.48-2.7,8,8,0,0,1-1.6-5.91,10.42,10.42,0,0,1,3.55-6.22c2.58-2.44,5.24-4.8,7.82-7.2l5.64-4.8h.27a.43.43,0,0,0,.26.36l5.78,5.06-.36.36-7.28,6.88a21.54,21.54,0,0,0-2.84,2.89,6.61,6.61,0,0,0-.67,7.73,10.94,10.94,0,0,0,2.31,2.89,19.42,19.42,0,0,1,2.13,2.22,10.1,10.1,0,0,1,2.27,5.6A8.55,8.55,0,0,1,40.29,80.67Zm7.6-11.82a9.38,9.38,0,0,1-9.33-9.33,9.51,9.51,0,1,1,9.68,9.33ZM70.1,85.91l-6.4.49A1.72,1.72,0,0,1,62.41,86c-2.17-1.82-4.44-3.51-6.57-5.37a8.55,8.55,0,0,1-3.51-7,9.85,9.85,0,0,1,2.36-5.6,16.55,16.55,0,0,1,2.13-2.22,12.19,12.19,0,0,0,2.31-2.89,6.71,6.71,0,0,0-.67-7.73,25.44,25.44,0,0,0-2.89-2.89l-7.24-6.88a2.38,2.38,0,0,0-.35-.36l5.86-5.42s.27,0,.27-.35h.26L60,44.51c2.62,2.4,5.28,4.75,7.86,7.19a10.68,10.68,0,0,1,3.55,6.22,8,8,0,0,1-1.6,5.91,18.22,18.22,0,0,1-2.48,2.71A11.39,11.39,0,0,0,64.81,70a6.77,6.77,0,0,0,1.56,8.89c2.31,2.13,4.44,4.44,6.71,6.79Z\"><\/path><\/svg>\n                <\/div>\n          <\/div>\n                        <div class=\"box-body\">\n                            <div class=\"elementskit-info-box-title\">\n                    Charte de l\u2019observation \u00e9lectorale                <\/div>\n                                                    <div class=\"box-footer disable_hover_button\">\n                    <div class=\"btn-wraper\">\n                                                            <a href=\"\/wp-content\/uploads\/2021\/05\/La-charte-relative-a-lobservation-independante-et-neutre-des-elections-en.docx\"  target=\"_blank\" rel=\"\" class=\"elementskit-btn whitespace--normal elementor-animation-\">\n                                           T\u00e9l\u00e9charger\n                                        <i aria-hidden=\"true\" class=\"fas fa-download\"><\/i>\n                                    <\/a>\n                                                        <\/div>\n                <\/div>\n                    <\/div>\n        \n        \n                <\/div>\n        <\/div>\t\t<\/div>\n\t\t\t\t<\/div>\n\t\t\t\t\t<\/div>\n\t\t<\/div>\n\t\t\t\t<div class=\"elementor-column elementor-col-33 elementor-top-column elementor-element elementor-element-64d688f\" data-id=\"64d688f\" data-element_type=\"column\">\n\t\t\t<div class=\"elementor-widget-wrap elementor-element-populated\">\n\t\t\t\t\t\t\t\t<div class=\"elementor-element elementor-element-6ba2f28 ekit-equal-height-enable de_curtain_duration_700 de_curtain_direction_lr de_curtain_easing_linear elementor-widget elementor-widget-elementskit-icon-box\" data-id=\"6ba2f28\" data-element_type=\"widget\" data-settings=\"{&quot;motion_fx_motion_fx_mouse&quot;:&quot;yes&quot;,&quot;ekit_we_effect_on&quot;:&quot;none&quot;}\" data-widget_type=\"elementskit-icon-box.default\">\n\t\t\t\t<div class=\"elementor-widget-container\">\n\t\t\t<div class=\"ekit-wid-con\" >        <!-- link opening -->\n                <!-- end link opening -->\n\n        <div class=\"elementskit-infobox text-center text-center icon-top-align elementor-animation-   \">\n                    <div class=\"elementskit-box-header elementor-animation-\">\n                <div class=\"elementskit-info-box-icon  \">\n                    <svg xmlns=\"http:\/\/www.w3.org\/2000\/svg\" id=\"Layer_1\" data-name=\"Layer 1\" viewBox=\"0 0 96 120\"><title>iCON cndh 2<\/title><path d=\"M86.31,27,66.83,8A4.48,4.48,0,0,0,63.7,6.78H12.19a3.74,3.74,0,0,0-3.8,3.68v99.08a3.74,3.74,0,0,0,3.8,3.68H83.81a3.74,3.74,0,0,0,3.8-3.68V30A4.23,4.23,0,0,0,86.31,27Zm-46,53.7h.05c-2.13,1.86-4.44,3.55-6.58,5.37a1.7,1.7,0,0,1-1.28.36l-6.4-.49-3.16-.27c2.31-2.31,4.45-4.66,6.71-6.8A6.8,6.8,0,0,0,31.19,70a12.23,12.23,0,0,0-2.54-3.47,18.14,18.14,0,0,1-2.48-2.7,8,8,0,0,1-1.6-5.91,10.42,10.42,0,0,1,3.55-6.22c2.58-2.44,5.24-4.8,7.82-7.2l5.64-4.8h.27a.43.43,0,0,0,.26.36l5.78,5.06-.36.36-7.28,6.88a21.54,21.54,0,0,0-2.84,2.89,6.61,6.61,0,0,0-.67,7.73,10.94,10.94,0,0,0,2.31,2.89,19.42,19.42,0,0,1,2.13,2.22,10.1,10.1,0,0,1,2.27,5.6A8.55,8.55,0,0,1,40.29,80.67Zm7.6-11.82a9.38,9.38,0,0,1-9.33-9.33,9.51,9.51,0,1,1,9.68,9.33ZM70.1,85.91l-6.4.49A1.72,1.72,0,0,1,62.41,86c-2.17-1.82-4.44-3.51-6.57-5.37a8.55,8.55,0,0,1-3.51-7,9.85,9.85,0,0,1,2.36-5.6,16.55,16.55,0,0,1,2.13-2.22,12.19,12.19,0,0,0,2.31-2.89,6.71,6.71,0,0,0-.67-7.73,25.44,25.44,0,0,0-2.89-2.89l-7.24-6.88a2.38,2.38,0,0,0-.35-.36l5.86-5.42s.27,0,.27-.35h.26L60,44.51c2.62,2.4,5.28,4.75,7.86,7.19a10.68,10.68,0,0,1,3.55,6.22,8,8,0,0,1-1.6,5.91,18.22,18.22,0,0,1-2.48,2.71A11.39,11.39,0,0,0,64.81,70a6.77,6.77,0,0,0,1.56,8.89c2.31,2.13,4.44,4.44,6.71,6.79Z\"><\/path><\/svg>\n                <\/div>\n          <\/div>\n                        <div class=\"box-body\">\n                            <div class=\"elementskit-info-box-title\">\n                    Formulaire de demande d\u2019accr\u00e9ditation                <\/div>\n                                                    <div class=\"box-footer disable_hover_button\">\n                    <div class=\"btn-wraper\">\n                                                            <a href=\"https:\/\/observationelections.cndh.ma\/wp-content\/uploads\/2021\/08\/Formulaire-de-demande-daccreditation-observation-des-elections-2021-VF.docx\"  target=\"_blank\" rel=\"\" class=\"elementskit-btn whitespace--normal elementor-animation-\">\n                                           T\u00e9l\u00e9charger\n                                        <i aria-hidden=\"true\" class=\"fas fa-download\"><\/i>\n                                    <\/a>\n                                                        <\/div>\n                <\/div>\n                    <\/div>\n        \n        \n                <\/div>\n        <\/div>\t\t<\/div>\n\t\t\t\t<\/div>\n\t\t\t\t\t<\/div>\n\t\t<\/div>\n\t\t\t\t<div class=\"elementor-column elementor-col-33 elementor-top-column elementor-element elementor-element-5142d4b\" data-id=\"5142d4b\" data-element_type=\"column\">\n\t\t\t<div class=\"elementor-widget-wrap elementor-element-populated\">\n\t\t\t\t\t\t\t\t<div class=\"elementor-element elementor-element-c31b87f ekit-equal-height-enable de_curtain_duration_700 de_curtain_direction_lr de_curtain_easing_linear elementor-widget elementor-widget-elementskit-icon-box\" data-id=\"c31b87f\" data-element_type=\"widget\" data-settings=\"{&quot;motion_fx_motion_fx_mouse&quot;:&quot;yes&quot;,&quot;ekit_we_effect_on&quot;:&quot;none&quot;}\" data-widget_type=\"elementskit-icon-box.default\">\n\t\t\t\t<div class=\"elementor-widget-container\">\n\t\t\t<div class=\"ekit-wid-con\" >        <!-- link opening -->\n                <!-- end link opening -->\n\n        <div class=\"elementskit-infobox text-center text- icon-top-align elementor-animation-   \">\n                    <div class=\"elementskit-box-header elementor-animation-\">\n                <div class=\"elementskit-info-box-icon  \">\n                    <svg xmlns=\"http:\/\/www.w3.org\/2000\/svg\" id=\"Layer_1\" data-name=\"Layer 1\" viewBox=\"0 0 96 120\"><title>iCON cndh 2<\/title><path d=\"M86.31,27,66.83,8A4.48,4.48,0,0,0,63.7,6.78H12.19a3.74,3.74,0,0,0-3.8,3.68v99.08a3.74,3.74,0,0,0,3.8,3.68H83.81a3.74,3.74,0,0,0,3.8-3.68V30A4.23,4.23,0,0,0,86.31,27Zm-46,53.7h.05c-2.13,1.86-4.44,3.55-6.58,5.37a1.7,1.7,0,0,1-1.28.36l-6.4-.49-3.16-.27c2.31-2.31,4.45-4.66,6.71-6.8A6.8,6.8,0,0,0,31.19,70a12.23,12.23,0,0,0-2.54-3.47,18.14,18.14,0,0,1-2.48-2.7,8,8,0,0,1-1.6-5.91,10.42,10.42,0,0,1,3.55-6.22c2.58-2.44,5.24-4.8,7.82-7.2l5.64-4.8h.27a.43.43,0,0,0,.26.36l5.78,5.06-.36.36-7.28,6.88a21.54,21.54,0,0,0-2.84,2.89,6.61,6.61,0,0,0-.67,7.73,10.94,10.94,0,0,0,2.31,2.89,19.42,19.42,0,0,1,2.13,2.22,10.1,10.1,0,0,1,2.27,5.6A8.55,8.55,0,0,1,40.29,80.67Zm7.6-11.82a9.38,9.38,0,0,1-9.33-9.33,9.51,9.51,0,1,1,9.68,9.33ZM70.1,85.91l-6.4.49A1.72,1.72,0,0,1,62.41,86c-2.17-1.82-4.44-3.51-6.57-5.37a8.55,8.55,0,0,1-3.51-7,9.85,9.85,0,0,1,2.36-5.6,16.55,16.55,0,0,1,2.13-2.22,12.19,12.19,0,0,0,2.31-2.89,6.71,6.71,0,0,0-.67-7.73,25.44,25.44,0,0,0-2.89-2.89l-7.24-6.88a2.38,2.38,0,0,0-.35-.36l5.86-5.42s.27,0,.27-.35h.26L60,44.51c2.62,2.4,5.28,4.75,7.86,7.19a10.68,10.68,0,0,1,3.55,6.22,8,8,0,0,1-1.6,5.91,18.22,18.22,0,0,1-2.48,2.71A11.39,11.39,0,0,0,64.81,70a6.77,6.77,0,0,0,1.56,8.89c2.31,2.13,4.44,4.44,6.71,6.79Z\"><\/path><\/svg>\n                <\/div>\n          <\/div>\n                        <div class=\"box-body\">\n                            <h1 class=\"elementskit-info-box-title\">\n                    Liste des observateurs                <\/h1>\n                                                    <div class=\"box-footer disable_hover_button\">\n                    <div class=\"btn-wraper\">\n                                                            <a href=\"https:\/\/observationelections.cndh.ma\/wp-content\/uploads\/2021\/06\/Liste-nominative-des-observateurs-proposes-par-linstance.xlsx\"  target=\"_blank\" rel=\"\" class=\"elementskit-btn whitespace--normal elementor-animation-\">\n                                           T\u00e9l\u00e9charger\n                                        <i aria-hidden=\"true\" class=\"fas fa-download\"><\/i>\n                                    <\/a>\n                                                        <\/div>\n                <\/div>\n                    <\/div>\n        \n        \n                <\/div>\n        <\/div>\t\t<\/div>\n\t\t\t\t<\/div>\n\t\t\t\t\t<\/div>\n\t\t<\/div>\n\t\t\t\t\t\t\t<\/div>\n\t\t<\/section>\n\t\t\t\t\t\t<\/div>\n\t\t\t\t\t<\/div>\n\t\t","protected":false},"excerpt":{"rendered":"<p>DOCUMENTATION iCON cndh 2 Charte de l\u2019observation \u00e9lectorale T\u00e9l\u00e9charger iCON cndh 2 Formulaire de demande d\u2019accr\u00e9ditation T\u00e9l\u00e9charger iCON cndh 2 Liste des observateurs T\u00e9l\u00e9charger<\/p>\n","protected":false},"author":1,"featured_media":0,"parent":0,"menu_order":0,"comment_status":"closed","ping_status":"closed","template":"","meta":{"footnotes":""},"class_list":["post-1494","page","type-page","status-publish","hentry"],"_links":{"self":[{"href":"https:\/\/observationelections.cndh.ma\/fr\/wp-json\/wp\/v2\/pages\/1494","targetHints":{"allow":["GET"]}}],"collection":[{"href":"https:\/\/observationelections.cndh.ma\/fr\/wp-json\/wp\/v2\/pages"}],"about":[{"href":"https:\/\/observationelections.cndh.ma\/fr\/wp-json\/wp\/v2\/types\/page"}],"author":[{"embeddable":true,"href":"https:\/\/observationelections.cndh.ma\/fr\/wp-json\/wp\/v2\/users\/1"}],"replies":[{"embeddable":true,"href":"https:\/\/observationelections.cndh.ma\/fr\/wp-json\/wp\/v2\/comments?post=1494"}],"version-history":[{"count":59,"href":"https:\/\/observationelections.cndh.ma\/fr\/wp-json\/wp\/v2\/pages\/1494\/revisions"}],"predecessor-version":[{"id":5141,"href":"https:\/\/observationelections.cndh.ma\/fr\/wp-json\/wp\/v2\/pages\/1494\/revisions\/5141"}],"wp:attachment":[{"href":"https:\/\/observationelections.cndh.ma\/fr\/wp-json\/wp\/v2\/media?parent=1494"}],"curies":[{"name":"wp","href":"https:\/\/api.w.org\/{rel}","templated":true}]}}