{"id":1465,"date":"2021-04-07T23:02:33","date_gmt":"2021-04-07T21:02:33","guid":{"rendered":"https:\/\/observationelections.cndh.ma\/?page_id=1465"},"modified":"2021-05-27T21:49:21","modified_gmt":"2021-05-27T19:49:21","slug":"communiques-de-presse","status":"publish","type":"page","link":"https:\/\/observationelections.cndh.ma\/fr\/communiques-de-presse\/","title":{"rendered":"Communiqu\u00e9s de presse"},"content":{"rendered":"\t\t<div data-elementor-type=\"wp-page\" data-elementor-id=\"1465\" data-post-id=\"4381\" data-obj-id=\"4381\" class=\"elementor elementor-1465 dce-elementor-post-4381 elementor-1408\" data-elementor-settings=\"[]\">\n\t\t\t\t\t\t\t<div class=\"elementor-section-wrap\">\n\t\t\t\t\t\t\t<section data-particle_enable=\"false\" data-particle-mobile-disabled=\"false\" class=\"elementor-section elementor-top-section elementor-element elementor-element-8e82eed elementor-section-boxed elementor-section-height-default elementor-section-height-default\" data-id=\"8e82eed\" data-element_type=\"section\" data-settings=\"{&quot;ekit_has_onepagescroll_dot&quot;:&quot;yes&quot;}\">\n\t\t\t\t\t\t<div class=\"elementor-container elementor-column-gap-default\">\n\t\t\t\t\t<div class=\"elementor-column elementor-col-100 elementor-top-column elementor-element elementor-element-ae08c99\" data-id=\"ae08c99\" data-element_type=\"column\">\n\t\t\t<div class=\"elementor-widget-wrap elementor-element-populated\">\n\t\t\t\t\t\t\t\t<div class=\"elementor-element elementor-element-438b58c de_curtain_duration_700 de_curtain_direction_lr de_curtain_easing_linear elementor-widget elementor-widget-elementskit-heading\" data-id=\"438b58c\" data-element_type=\"widget\" data-settings=\"{&quot;ekit_we_effect_on&quot;:&quot;none&quot;}\" data-widget_type=\"elementskit-heading.default\">\n\t\t\t\t<div class=\"elementor-widget-container\">\n\t\t\t<div class=\"ekit-wid-con\" ><div class=\"ekit-heading elementskit-section-title-wraper text_center   ekit_heading_tablet-   ekit_heading_mobile-\"><h2 class=\"ekit-heading--title elementskit-section-title \">\n\t\t\t\t\tCommuniqu\u00e9s de presse\n\t\t\t\t<\/h2><div class=\"ekit_heading_separetor_wraper ekit_heading_elementskit-border-divider\"><div class=\"elementskit-border-divider\"><\/div><\/div><\/div><\/div>\t\t<\/div>\n\t\t\t\t<\/div>\n\t\t\t\t\t<\/div>\n\t\t<\/div>\n\t\t\t\t\t\t\t<\/div>\n\t\t<\/section>\n\t\t\t\t<section data-particle_enable=\"false\" data-particle-mobile-disabled=\"false\" class=\"elementor-section elementor-top-section elementor-element elementor-element-e60994d elementor-section-boxed elementor-section-height-default elementor-section-height-default\" data-id=\"e60994d\" data-element_type=\"section\" data-settings=\"{&quot;ekit_has_onepagescroll_dot&quot;:&quot;yes&quot;}\">\n\t\t\t\t\t\t<div class=\"elementor-container elementor-column-gap-default\">\n\t\t\t\t\t<div class=\"elementor-column elementor-col-100 elementor-top-column elementor-element elementor-element-75a738b\" data-id=\"75a738b\" data-element_type=\"column\">\n\t\t\t<div class=\"elementor-widget-wrap elementor-element-populated\">\n\t\t\t\t\t\t\t\t<div class=\"elementor-element elementor-element-e9eaad8 de_curtain_duration_700 de_curtain_direction_lr de_curtain_easing_linear elementor-widget elementor-widget-eael-post-block\" data-id=\"e9eaad8\" data-element_type=\"widget\" data-settings=\"{&quot;ekit_we_effect_on&quot;:&quot;none&quot;}\" data-widget_type=\"eael-post-block.default\">\n\t\t\t\t<div class=\"elementor-widget-container\">\n\t\t\t<div id=\"eael-post-block-e9eaad8\" class=\"eael-post-block post-block-style-default post-block-layout-block\">\n            <div class=\"eael-post-block-grid eael-post-appender eael-post-appender-e9eaad8  \"><article class=\"eael-post-block-item eael-post-block-column\">\n        <div class=\"eael-post-block-item-holder\">\n            <div class=\"eael-post-block-item-holder-inner\"><div class=\"eael-entry-media\">\n                        <div class=\"eael-entry-overlay fade-in\"><i class=\"\" aria-hidden=\"true\"><\/i><a href=\"https:\/\/observationelections.cndh.ma\/fr\/%d8%a7%d9%86%d8%b7%d9%84%d8%a7%d9%82-%d8%b9%d9%85%d9%84%d9%8a%d8%a9-%d8%a5%d9%8a%d8%af%d8%a7%d8%b9-%d8%a7%d9%84%d8%aa%d8%b1%d8%b4%d9%8a%d8%ad%d8%a7%d8%aa-%d9%84%d9%85%d9%84%d8%a7%d8%ad%d8%b8%d8%a9-2\/\"><\/a>\n                        <\/div>\n                        <div class=\"eael-entry-thumbnail\">\n                            <img decoding=\"async\" src=\"https:\/\/observationelections.cndh.ma\/wp-content\/uploads\/2021\/05\/vote-main-1024x384.png\" alt=\"\">\n                        <\/div>\n                    <\/div><div class=\"eael-entry-wrapper\">\n                        <header class=\"eael-entry-header\"><h2 class=\"eael-entry-title\"><a class=\"eael-grid-post-link\" href=\"https:\/\/observationelections.cndh.ma\/fr\/%d8%a7%d9%86%d8%b7%d9%84%d8%a7%d9%82-%d8%b9%d9%85%d9%84%d9%8a%d8%a9-%d8%a5%d9%8a%d8%af%d8%a7%d8%b9-%d8%a7%d9%84%d8%aa%d8%b1%d8%b4%d9%8a%d8%ad%d8%a7%d8%aa-%d9%84%d9%85%d9%84%d8%a7%d8%ad%d8%b8%d8%a9-2\/\" title=\"Lancement de l\u2019op\u00e9ration de d\u00e9p\u00f4t des candidatures pour l\u2019observation des \u00e9ch\u00e9ances \u00e9lectorales de 2021\">Lancement de l\u2019op\u00e9ration de d\u00e9p\u00f4t des candidatures pour l\u2019observation des \u00e9ch\u00e9ances \u00e9lectorales de 2021<\/a><\/h2><\/header>\n                        \n                        <div class=\"eael-entry-content\"><div class=\"eael-grid-post-excerpt\"><p>La Commission d\u2019accr\u00e9ditation des observateurs des \u00e9lections, pr\u00e9sid\u00e9e par la...<\/p><a href=\"https:\/\/observationelections.cndh.ma\/fr\/%d8%a7%d9%86%d8%b7%d9%84%d8%a7%d9%82-%d8%b9%d9%85%d9%84%d9%8a%d8%a9-%d8%a5%d9%8a%d8%af%d8%a7%d8%b9-%d8%a7%d9%84%d8%aa%d8%b1%d8%b4%d9%8a%d8%ad%d8%a7%d8%aa-%d9%84%d9%85%d9%84%d8%a7%d8%ad%d8%b8%d8%a9-2\/\" class=\"eael-post-elements-readmore-btn\">Lire plus<\/a><\/div><\/div>\n                    <\/div><\/div>\n        <\/div>\n    <\/article><article class=\"eael-post-block-item eael-post-block-column\">\n        <div class=\"eael-post-block-item-holder\">\n            <div class=\"eael-post-block-item-holder-inner\"><div class=\"eael-entry-media\">\n                        <div class=\"eael-entry-overlay fade-in\"><i class=\"\" aria-hidden=\"true\"><\/i><a href=\"https:\/\/observationelections.cndh.ma\/fr\/%d8%a7%d9%84%d9%84%d8%ac%d9%86%d8%a9-%d8%a7%d9%84%d8%ae%d8%a7%d8%b5%d8%a9-%d9%84%d8%a7%d8%b9%d8%aa%d9%85%d8%a7%d8%af-%d9%85%d9%84%d8%a7%d8%ad%d8%b8%d9%8a-%d8%a7%d9%84%d8%a7%d9%86%d8%aa%d8%ae%d8%a7-3\/\"><\/a>\n                        <\/div>\n                        <div class=\"eael-entry-thumbnail\">\n                            <img decoding=\"async\" src=\"https:\/\/observationelections.cndh.ma\/wp-content\/uploads\/2021\/03\/WhatsApp-Image-2021-05-20-at-11.40.25-1024x768.jpeg\" alt=\"\">\n                        <\/div>\n                    <\/div><div class=\"eael-entry-wrapper\">\n                        <header class=\"eael-entry-header\"><h2 class=\"eael-entry-title\"><a class=\"eael-grid-post-link\" href=\"https:\/\/observationelections.cndh.ma\/fr\/%d8%a7%d9%84%d9%84%d8%ac%d9%86%d8%a9-%d8%a7%d9%84%d8%ae%d8%a7%d8%b5%d8%a9-%d9%84%d8%a7%d8%b9%d8%aa%d9%85%d8%a7%d8%af-%d9%85%d9%84%d8%a7%d8%ad%d8%b8%d9%8a-%d8%a7%d9%84%d8%a7%d9%86%d8%aa%d8%ae%d8%a7-3\/\" title=\"La Commission sp\u00e9ciale d\u2019accr\u00e9ditation des observateurs des \u00e9lections tient sa premi\u00e8re r\u00e9union\">La Commission sp\u00e9ciale d\u2019accr\u00e9ditation des observateurs des \u00e9lections tient sa premi\u00e8re r\u00e9union<\/a><\/h2><\/header>\n                        \n                        <div class=\"eael-entry-content\"><div class=\"eael-grid-post-excerpt\"><p>La Commission sp\u00e9ciale d\u2019accr\u00e9ditation des observateurs des \u00e9lections a adopt\u00e9...<\/p><a href=\"https:\/\/observationelections.cndh.ma\/fr\/%d8%a7%d9%84%d9%84%d8%ac%d9%86%d8%a9-%d8%a7%d9%84%d8%ae%d8%a7%d8%b5%d8%a9-%d9%84%d8%a7%d8%b9%d8%aa%d9%85%d8%a7%d8%af-%d9%85%d9%84%d8%a7%d8%ad%d8%b8%d9%8a-%d8%a7%d9%84%d8%a7%d9%86%d8%aa%d8%ae%d8%a7-3\/\" class=\"eael-post-elements-readmore-btn\">Lire plus<\/a><\/div><\/div>\n                    <\/div><\/div>\n        <\/div>\n    <\/article><\/div>\n\t\t<\/div>\t\t<\/div>\n\t\t\t\t<\/div>\n\t\t\t\t\t<\/div>\n\t\t<\/div>\n\t\t\t\t\t\t\t<\/div>\n\t\t<\/section>\n\t\t\t\t\t\t<\/div>\n\t\t\t\t\t<\/div>\n\t\t","protected":false},"excerpt":{"rendered":"<p>Communiqu\u00e9s de presse La Commission sp\u00e9cialed\u2019accr\u00e9ditation des observateurs des \u00e9lections tient sa premi\u00e8re r\u00e9union La Commission sp\u00e9ciale d\u2019accr\u00e9ditation des observateurs des \u00e9lections a adopt\u00e9&#8230; Lire plus<\/p>\n","protected":false},"author":1,"featured_media":0,"parent":0,"menu_order":0,"comment_status":"closed","ping_status":"closed","template":"","meta":{"footnotes":""},"class_list":["post-1465","page","type-page","status-publish","hentry"],"_links":{"self":[{"href":"https:\/\/observationelections.cndh.ma\/fr\/wp-json\/wp\/v2\/pages\/1465","targetHints":{"allow":["GET"]}}],"collection":[{"href":"https:\/\/observationelections.cndh.ma\/fr\/wp-json\/wp\/v2\/pages"}],"about":[{"href":"https:\/\/observationelections.cndh.ma\/fr\/wp-json\/wp\/v2\/types\/page"}],"author":[{"embeddable":true,"href":"https:\/\/observationelections.cndh.ma\/fr\/wp-json\/wp\/v2\/users\/1"}],"replies":[{"embeddable":true,"href":"https:\/\/observationelections.cndh.ma\/fr\/wp-json\/wp\/v2\/comments?post=1465"}],"version-history":[{"count":15,"href":"https:\/\/observationelections.cndh.ma\/fr\/wp-json\/wp\/v2\/pages\/1465\/revisions"}],"predecessor-version":[{"id":4388,"href":"https:\/\/observationelections.cndh.ma\/fr\/wp-json\/wp\/v2\/pages\/1465\/revisions\/4388"}],"wp:attachment":[{"href":"https:\/\/observationelections.cndh.ma\/fr\/wp-json\/wp\/v2\/media?parent=1465"}],"curies":[{"name":"wp","href":"https:\/\/api.w.org\/{rel}","templated":true}]}}