{"id":124,"date":"2021-03-02T23:14:25","date_gmt":"2021-03-02T22:14:25","guid":{"rendered":"https:\/\/observationelections.cndh.ma\/?page_id=124"},"modified":"2021-06-01T00:47:23","modified_gmt":"2021-05-31T22:47:23","slug":"textes-de-reference","status":"publish","type":"page","link":"https:\/\/observationelections.cndh.ma\/fr\/textes-de-reference\/","title":{"rendered":"Textes de r\u00e9f\u00e9rence"},"content":{"rendered":"\t\t<div data-elementor-type=\"wp-page\" data-elementor-id=\"124\" data-post-id=\"124\" data-obj-id=\"124\" class=\"elementor elementor-124 dce-elementor-post-124 elementor-13\" data-elementor-settings=\"[]\">\n\t\t\t\t\t\t\t<div class=\"elementor-section-wrap\">\n\t\t\t\t\t\t\t<section data-particle_enable=\"false\" data-particle-mobile-disabled=\"false\" class=\"elementor-section elementor-top-section elementor-element elementor-element-f477344 elementor-section-boxed elementor-section-height-default elementor-section-height-default\" data-id=\"f477344\" data-element_type=\"section\" data-settings=\"{&quot;ekit_has_onepagescroll_dot&quot;:&quot;yes&quot;}\">\n\t\t\t\t\t\t<div class=\"elementor-container elementor-column-gap-default\">\n\t\t\t\t\t<div class=\"elementor-column elementor-col-100 elementor-top-column elementor-element elementor-element-84ca663\" data-id=\"84ca663\" data-element_type=\"column\">\n\t\t\t<div class=\"elementor-widget-wrap elementor-element-populated\">\n\t\t\t\t\t\t\t\t<div class=\"elementor-element elementor-element-641b662 de_curtain_duration_700 de_curtain_direction_lr de_curtain_easing_linear elementor-widget elementor-widget-elementskit-heading\" data-id=\"641b662\" data-element_type=\"widget\" data-settings=\"{&quot;ekit_we_effect_on&quot;:&quot;none&quot;}\" data-widget_type=\"elementskit-heading.default\">\n\t\t\t\t<div class=\"elementor-widget-container\">\n\t\t\t<div class=\"ekit-wid-con\" ><div class=\"ekit-heading elementskit-section-title-wraper text_center   ekit_heading_tablet-   ekit_heading_mobile-\"><h2 class=\"ekit-heading--title elementskit-section-title \">\n\t\t\t\t\tTextes de r\u00e9f\u00e9rence\n\t\t\t\t<\/h2><div class=\"ekit_heading_separetor_wraper ekit_heading_elementskit-border-divider\"><div class=\"elementskit-border-divider\"><\/div><\/div><\/div><\/div>\t\t<\/div>\n\t\t\t\t<\/div>\n\t\t\t\t\t<\/div>\n\t\t<\/div>\n\t\t\t\t\t\t\t<\/div>\n\t\t<\/section>\n\t\t\t\t<section data-particle_enable=\"false\" data-particle-mobile-disabled=\"false\" class=\"elementor-section elementor-top-section elementor-element elementor-element-0fd2851 elementor-section-boxed elementor-section-height-default elementor-section-height-default\" data-id=\"0fd2851\" data-element_type=\"section\" data-settings=\"{&quot;ekit_has_onepagescroll_dot&quot;:&quot;yes&quot;}\">\n\t\t\t\t\t\t<div class=\"elementor-container elementor-column-gap-default\">\n\t\t\t\t\t<div class=\"elementor-column elementor-col-100 elementor-top-column elementor-element elementor-element-c0bcad5\" data-id=\"c0bcad5\" data-element_type=\"column\">\n\t\t\t<div class=\"elementor-widget-wrap\">\n\t\t\t\t\t\t\t\t\t<\/div>\n\t\t<\/div>\n\t\t\t\t\t\t\t<\/div>\n\t\t<\/section>\n\t\t\t\t<section data-particle_enable=\"false\" data-particle-mobile-disabled=\"false\" class=\"elementor-section elementor-top-section elementor-element elementor-element-c25f926 elementor-section-boxed elementor-section-height-default elementor-section-height-default\" data-id=\"c25f926\" data-element_type=\"section\" data-settings=\"{&quot;ekit_has_onepagescroll_dot&quot;:&quot;yes&quot;}\">\n\t\t\t\t\t\t<div class=\"elementor-container elementor-column-gap-default\">\n\t\t\t\t\t<div class=\"elementor-column elementor-col-33 elementor-top-column elementor-element elementor-element-ea48ae2\" data-id=\"ea48ae2\" data-element_type=\"column\">\n\t\t\t<div class=\"elementor-widget-wrap elementor-element-populated\">\n\t\t\t\t\t\t\t\t<div class=\"elementor-element elementor-element-5e231ee ekit-equal-height-enable de_curtain_duration_700 de_curtain_direction_lr de_curtain_easing_linear elementor-widget elementor-widget-elementskit-icon-box\" data-id=\"5e231ee\" data-element_type=\"widget\" data-settings=\"{&quot;motion_fx_motion_fx_mouse&quot;:&quot;yes&quot;,&quot;ekit_we_effect_on&quot;:&quot;none&quot;}\" data-widget_type=\"elementskit-icon-box.default\">\n\t\t\t\t<div class=\"elementor-widget-container\">\n\t\t\t<div class=\"ekit-wid-con\" >        <!-- link opening -->\n                <!-- end link opening -->\n\n        <div class=\"elementskit-infobox text-center text- icon-top-align elementor-animation-   \">\n                    <div class=\"elementskit-box-header elementor-animation-\">\n                <div class=\"elementskit-info-box-icon  \">\n                    <i aria-hidden=\"true\" class=\"elementkit-infobox-icon fas fa-file-alt\"><\/i>\n                <\/div>\n          <\/div>\n                        <div class=\"box-body\">\n                            <h3 class=\"elementskit-info-box-title\">\n                    La Loi n\u00b0 30-11 fixant les conditions et les modalit\u00e9s de l\u2019observation ind\u00e9pendante et neutre des \u00e9lections                <\/h3>\n                                                    <div class=\"box-footer disable_hover_button\">\n                    <div class=\"btn-wraper\">\n                                                            <a href=\"https:\/\/observationelections.cndh.ma\/wp-content\/uploads\/2021\/04\/loi-30-11_observation-des-elections_version-francaise_BO.pdf\"  target=\"_self\" rel=\"\" class=\"elementskit-btn whitespace--normal elementor-animation-\">\n                                        T\u00e9l\u00e9charger\n                                        <i aria-hidden=\"true\" class=\"fas fa-download\"><\/i>\n                                    <\/a>\n                                                        <\/div>\n                <\/div>\n                    <\/div>\n        \n        \n                <\/div>\n        <\/div>\t\t<\/div>\n\t\t\t\t<\/div>\n\t\t\t\t\t<\/div>\n\t\t<\/div>\n\t\t\t\t<div class=\"elementor-column elementor-col-33 elementor-top-column elementor-element elementor-element-6e87b81\" data-id=\"6e87b81\" data-element_type=\"column\">\n\t\t\t<div class=\"elementor-widget-wrap elementor-element-populated\">\n\t\t\t\t\t\t\t\t<div class=\"elementor-element elementor-element-1c552c1 ekit-equal-height-enable de_curtain_duration_700 de_curtain_direction_lr de_curtain_easing_linear elementor-widget elementor-widget-elementskit-icon-box\" data-id=\"1c552c1\" data-element_type=\"widget\" data-settings=\"{&quot;motion_fx_motion_fx_mouse&quot;:&quot;yes&quot;,&quot;ekit_we_effect_on&quot;:&quot;none&quot;}\" data-widget_type=\"elementskit-icon-box.default\">\n\t\t\t\t<div class=\"elementor-widget-container\">\n\t\t\t<div class=\"ekit-wid-con\" >        <!-- link opening -->\n                <!-- end link opening -->\n\n        <div class=\"elementskit-infobox text-center text- icon-top-align elementor-animation-   \">\n                    <div class=\"elementskit-box-header elementor-animation-\">\n                <div class=\"elementskit-info-box-icon  \">\n                    <i aria-hidden=\"true\" class=\"elementkit-infobox-icon fas fa-file-alt\"><\/i>\n                <\/div>\n          <\/div>\n                        <div class=\"box-body\">\n                            <h3 class=\"elementskit-info-box-title\">\n                    La D\u00e9claration de principes pour l\u2019observation internationale d\u2019\u00e9lections et le Code de conduite \u00e0 l\u2019usage des observateurs \u00e9lectoraux internationaux                <\/h3>\n                                                    <div class=\"box-footer disable_hover_button\">\n                    <div class=\"btn-wraper\">\n                                                            <a href=\"https:\/\/observationelections.cndh.ma\/wp-content\/uploads\/2021\/04\/La-Declaration-de-principes-pour-loservation-internatioanle_fr.pdf\"  target=\"_self\" rel=\"\" class=\"elementskit-btn whitespace--normal elementor-animation-\">\n                                        T\u00e9l\u00e9charger\n                                        <i aria-hidden=\"true\" class=\"fas fa-download\"><\/i>\n                                    <\/a>\n                                                        <\/div>\n                <\/div>\n                    <\/div>\n        \n        \n                <\/div>\n        <\/div>\t\t<\/div>\n\t\t\t\t<\/div>\n\t\t\t\t\t<\/div>\n\t\t<\/div>\n\t\t\t\t<div class=\"elementor-column elementor-col-33 elementor-top-column elementor-element elementor-element-1f1bea0\" data-id=\"1f1bea0\" data-element_type=\"column\">\n\t\t\t<div class=\"elementor-widget-wrap elementor-element-populated\">\n\t\t\t\t\t\t\t\t<div class=\"elementor-element elementor-element-aa4fccd ekit-equal-height-enable de_curtain_duration_700 de_curtain_direction_lr de_curtain_easing_linear elementor-widget elementor-widget-elementskit-icon-box\" data-id=\"aa4fccd\" data-element_type=\"widget\" data-settings=\"{&quot;motion_fx_motion_fx_mouse&quot;:&quot;yes&quot;,&quot;ekit_we_effect_on&quot;:&quot;none&quot;}\" data-widget_type=\"elementskit-icon-box.default\">\n\t\t\t\t<div class=\"elementor-widget-container\">\n\t\t\t<div class=\"ekit-wid-con\" >        <!-- link opening -->\n                <!-- end link opening -->\n\n        <div class=\"elementskit-infobox text-center text- icon-top-align elementor-animation-   \">\n                    <div class=\"elementskit-box-header elementor-animation-\">\n                <div class=\"elementskit-info-box-icon  \">\n                    <i aria-hidden=\"true\" class=\"elementkit-infobox-icon fas fa-file-alt\"><\/i>\n                <\/div>\n          <\/div>\n                        <div class=\"box-body\">\n                            <h3 class=\"elementskit-info-box-title\">\n                    La D\u00e9claration des principes internationaux pour l\u2019observation et la surveillance impartiales des \u00e9lections par les organisations citoyennes                <\/h3>\n                                                    <div class=\"box-footer disable_hover_button\">\n                    <div class=\"btn-wraper\">\n                                                            <a href=\"https:\/\/observationelections.cndh.ma\/wp-content\/uploads\/2021\/04\/La-declaration-des-principes-internationaux-pour-lobservation-et-la-surveillance_FR.pdf\"  target=\"_self\" rel=\"\" class=\"elementskit-btn whitespace--normal elementor-animation-\">\n                                        T\u00e9l\u00e9charger\n                                        <i aria-hidden=\"true\" class=\"fas fa-download\"><\/i>\n                                    <\/a>\n                                                        <\/div>\n                <\/div>\n                    <\/div>\n        \n        \n                <\/div>\n        <\/div>\t\t<\/div>\n\t\t\t\t<\/div>\n\t\t\t\t\t<\/div>\n\t\t<\/div>\n\t\t\t\t\t\t\t<\/div>\n\t\t<\/section>\n\t\t\t\t<section data-particle_enable=\"false\" data-particle-mobile-disabled=\"false\" class=\"elementor-section elementor-top-section elementor-element elementor-element-ebc5b1d elementor-section-boxed elementor-section-height-default elementor-section-height-default\" data-id=\"ebc5b1d\" data-element_type=\"section\" data-settings=\"{&quot;ekit_has_onepagescroll_dot&quot;:&quot;yes&quot;}\">\n\t\t\t\t\t\t<div class=\"elementor-container elementor-column-gap-default\">\n\t\t\t\t\t<div class=\"elementor-column elementor-col-33 elementor-top-column elementor-element elementor-element-99c05ea\" data-id=\"99c05ea\" data-element_type=\"column\">\n\t\t\t<div class=\"elementor-widget-wrap elementor-element-populated\">\n\t\t\t\t\t\t\t\t<div class=\"elementor-element elementor-element-5291cc4 ekit-equal-height-enable de_curtain_duration_700 de_curtain_direction_lr de_curtain_easing_linear elementor-widget elementor-widget-elementskit-icon-box\" data-id=\"5291cc4\" data-element_type=\"widget\" data-settings=\"{&quot;motion_fx_motion_fx_mouse&quot;:&quot;yes&quot;,&quot;ekit_we_effect_on&quot;:&quot;none&quot;}\" data-widget_type=\"elementskit-icon-box.default\">\n\t\t\t\t<div class=\"elementor-widget-container\">\n\t\t\t<div class=\"ekit-wid-con\" >        <!-- link opening -->\n                <!-- end link opening -->\n\n        <div class=\"elementskit-infobox text-center text- icon-top-align elementor-animation-   \">\n                    <div class=\"elementskit-box-header elementor-animation-\">\n                <div class=\"elementskit-info-box-icon  \">\n                    <i aria-hidden=\"true\" class=\"elementkit-infobox-icon fas fa-file-alt\"><\/i>\n                <\/div>\n          <\/div>\n                        <div class=\"box-body\">\n                            <h3 class=\"elementskit-info-box-title\">\n                    Article 11 de la Constitution                <\/h3>\n                                                    <div class=\"box-footer disable_hover_button\">\n                    <div class=\"btn-wraper\">\n                                                            <a href=\"https:\/\/observationelections.cndh.ma\/wp-content\/uploads\/2021\/06\/Constitution.pdf\"  target=\"_self\" rel=\"\" class=\"elementskit-btn whitespace--normal elementor-animation-\">\n                                        T\u00e9l\u00e9charger\n                                        <i aria-hidden=\"true\" class=\"fas fa-download\"><\/i>\n                                    <\/a>\n                                                        <\/div>\n                <\/div>\n                    <\/div>\n        \n        \n                <\/div>\n        <\/div>\t\t<\/div>\n\t\t\t\t<\/div>\n\t\t\t\t\t<\/div>\n\t\t<\/div>\n\t\t\t\t<div class=\"elementor-column elementor-col-33 elementor-top-column elementor-element elementor-element-68354d4\" data-id=\"68354d4\" data-element_type=\"column\">\n\t\t\t<div class=\"elementor-widget-wrap elementor-element-populated\">\n\t\t\t\t\t\t\t\t<div class=\"elementor-element elementor-element-3a5bc60 ekit-equal-height-enable de_curtain_duration_700 de_curtain_direction_lr de_curtain_easing_linear elementor-widget elementor-widget-elementskit-icon-box\" data-id=\"3a5bc60\" data-element_type=\"widget\" data-settings=\"{&quot;motion_fx_motion_fx_mouse&quot;:&quot;yes&quot;,&quot;ekit_we_effect_on&quot;:&quot;none&quot;}\" data-widget_type=\"elementskit-icon-box.default\">\n\t\t\t\t<div class=\"elementor-widget-container\">\n\t\t\t<div class=\"ekit-wid-con\" >        <!-- link opening -->\n                <!-- end link opening -->\n\n        <div class=\"elementskit-infobox text-center text- icon-top-align elementor-animation-   \">\n                    <div class=\"elementskit-box-header elementor-animation-\">\n                <div class=\"elementskit-info-box-icon  \">\n                    <i aria-hidden=\"true\" class=\"elementkit-infobox-icon fas fa-file-alt\"><\/i>\n                <\/div>\n          <\/div>\n                        <div class=\"box-body\">\n                            <h3 class=\"elementskit-info-box-title\">\n                    Article 25 du Pacte  international relatif aux droits civils et politiques                <\/h3>\n                                                    <div class=\"box-footer disable_hover_button\">\n                    <div class=\"btn-wraper\">\n                                                            <a href=\"https:\/\/observationelections.cndh.ma\/wp-content\/uploads\/2021\/06\/Pacte-international-relatif-aux-droits-civils-et-politiques.pdf\"  target=\"_self\" rel=\"\" class=\"elementskit-btn whitespace--normal elementor-animation-\">\n                                        T\u00e9l\u00e9charger\n                                        <i aria-hidden=\"true\" class=\"fas fa-download\"><\/i>\n                                    <\/a>\n                                                        <\/div>\n                <\/div>\n                    <\/div>\n        \n        \n                <\/div>\n        <\/div>\t\t<\/div>\n\t\t\t\t<\/div>\n\t\t\t\t\t<\/div>\n\t\t<\/div>\n\t\t\t\t<div class=\"elementor-column elementor-col-33 elementor-top-column elementor-element elementor-element-fc68655\" data-id=\"fc68655\" data-element_type=\"column\">\n\t\t\t<div class=\"elementor-widget-wrap\">\n\t\t\t\t\t\t\t\t\t<\/div>\n\t\t<\/div>\n\t\t\t\t\t\t\t<\/div>\n\t\t<\/section>\n\t\t\t\t\t\t<\/div>\n\t\t\t\t\t<\/div>\n\t\t","protected":false},"excerpt":{"rendered":"<p>Textes de r\u00e9f\u00e9rence La Loi n\u00b0 30-11 fixant les conditions et les modalit\u00e9s de l\u2019observation ind\u00e9pendante et neutre des \u00e9lections T\u00e9l\u00e9charger La D\u00e9claration de principes pour l\u2019observation internationale d\u2019\u00e9lections et le Code de conduite \u00e0 l\u2019usage des observateurs \u00e9lectoraux internationaux T\u00e9l\u00e9charger La D\u00e9claration des principes internationaux pour l\u2019observation et la surveillance impartiales des \u00e9lections par [&hellip;]<\/p>\n","protected":false},"author":1,"featured_media":0,"parent":0,"menu_order":0,"comment_status":"closed","ping_status":"closed","template":"","meta":{"footnotes":""},"class_list":["post-124","page","type-page","status-publish","hentry"],"_links":{"self":[{"href":"https:\/\/observationelections.cndh.ma\/fr\/wp-json\/wp\/v2\/pages\/124","targetHints":{"allow":["GET"]}}],"collection":[{"href":"https:\/\/observationelections.cndh.ma\/fr\/wp-json\/wp\/v2\/pages"}],"about":[{"href":"https:\/\/observationelections.cndh.ma\/fr\/wp-json\/wp\/v2\/types\/page"}],"author":[{"embeddable":true,"href":"https:\/\/observationelections.cndh.ma\/fr\/wp-json\/wp\/v2\/users\/1"}],"replies":[{"embeddable":true,"href":"https:\/\/observationelections.cndh.ma\/fr\/wp-json\/wp\/v2\/comments?post=124"}],"version-history":[{"count":21,"href":"https:\/\/observationelections.cndh.ma\/fr\/wp-json\/wp\/v2\/pages\/124\/revisions"}],"predecessor-version":[{"id":4805,"href":"https:\/\/observationelections.cndh.ma\/fr\/wp-json\/wp\/v2\/pages\/124\/revisions\/4805"}],"wp:attachment":[{"href":"https:\/\/observationelections.cndh.ma\/fr\/wp-json\/wp\/v2\/media?parent=124"}],"curies":[{"name":"wp","href":"https:\/\/api.w.org\/{rel}","templated":true}]}}