{"id":2305,"date":"2021-03-04T02:55:44","date_gmt":"2021-03-04T01:55:44","guid":{"rendered":"https:\/\/observationelections.cndh.ma\/composition\/"},"modified":"2021-04-11T18:07:23","modified_gmt":"2021-04-11T16:07:23","slug":"composition","status":"publish","type":"page","link":"https:\/\/observationelections.cndh.ma\/am\/composition\/","title":{"rendered":"Composition AM"},"content":{"rendered":"<p>La commission sp\u00e9ciale d\u2019accr\u00e9ditation des observateurs des \u00e9lections,\u00a0pr\u00e9sid\u00e9e par le pr\u00e9sident du Conseil national des droits de l\u2019homme ou son d\u00e9l\u00e9gu\u00e9, est compos\u00e9e de:<\/p>\n<ul>\n<li>Quatre membres repr\u00e9sentant les autorit\u00e9s gouvernementales charg\u00e9es de la justice, de l\u2019Int\u00e9rieur, des Affaires \u00e9trang\u00e8res et de la Coop\u00e9ration, et de la Communication ;<\/li>\n<li>Un repr\u00e9sentant de la D\u00e9l\u00e9gation interminist\u00e9rielle aux droits de l\u2019Homme ;<\/li>\n<li>Un repr\u00e9sentant de l\u2019Instance nationale de la probit\u00e9, de la pr\u00e9vention et de la lutte contre la corruption ;<\/li>\n<li>Cinq repr\u00e9sentants des associations de la soci\u00e9t\u00e9 civile repr\u00e9sent\u00e9e au sein du Conseil national des droits de l\u2019Homme, propos\u00e9s au pr\u00e9sident de la commission par lesdites associations.<\/li>\n<\/ul>\n<p>Par ailleurs, le pr\u00e9sident de la commission peut inviter toute personne qualifi\u00e9e \u00e0 participer, \u00e0 titre consultatif; aux travaux de la commission.<\/p>\n","protected":false},"excerpt":{"rendered":"<p>La commission sp\u00e9ciale d\u2019accr\u00e9ditation des observateurs des \u00e9lections,\u00a0pr\u00e9sid\u00e9e par le pr\u00e9sident du Conseil national des droits de l\u2019homme ou son d\u00e9l\u00e9gu\u00e9, est compos\u00e9e de: Quatre membres repr\u00e9sentant les autorit\u00e9s gouvernementales charg\u00e9es de la justice, de l\u2019Int\u00e9rieur, des Affaires \u00e9trang\u00e8res et de la Coop\u00e9ration, et de la Communication ; Un repr\u00e9sentant de la D\u00e9l\u00e9gation interminist\u00e9rielle aux [&hellip;]<\/p>\n","protected":false},"author":1,"featured_media":0,"parent":0,"menu_order":0,"comment_status":"closed","ping_status":"closed","template":"","meta":{"footnotes":""},"class_list":["post-2305","page","type-page","status-publish","hentry"],"_links":{"self":[{"href":"https:\/\/observationelections.cndh.ma\/am\/wp-json\/wp\/v2\/pages\/2305","targetHints":{"allow":["GET"]}}],"collection":[{"href":"https:\/\/observationelections.cndh.ma\/am\/wp-json\/wp\/v2\/pages"}],"about":[{"href":"https:\/\/observationelections.cndh.ma\/am\/wp-json\/wp\/v2\/types\/page"}],"author":[{"embeddable":true,"href":"https:\/\/observationelections.cndh.ma\/am\/wp-json\/wp\/v2\/users\/1"}],"replies":[{"embeddable":true,"href":"https:\/\/observationelections.cndh.ma\/am\/wp-json\/wp\/v2\/comments?post=2305"}],"version-history":[{"count":1,"href":"https:\/\/observationelections.cndh.ma\/am\/wp-json\/wp\/v2\/pages\/2305\/revisions"}],"predecessor-version":[{"id":2306,"href":"https:\/\/observationelections.cndh.ma\/am\/wp-json\/wp\/v2\/pages\/2305\/revisions\/2306"}],"wp:attachment":[{"href":"https:\/\/observationelections.cndh.ma\/am\/wp-json\/wp\/v2\/media?parent=2305"}],"curies":[{"name":"wp","href":"https:\/\/api.w.org\/{rel}","templated":true}]}}